{"id":6,"date":"2010-01-02T21:20:03","date_gmt":"2010-01-02T21:20:03","guid":{"rendered":"http:\/\/www.faure-stiftung.de\/wp_mig\/2010\/01\/02\/impressum\/"},"modified":"2024-03-20T10:09:39","modified_gmt":"2024-03-20T10:09:39","slug":"impressum","status":"publish","type":"page","link":"https:\/\/www.faure-stiftung.de\/wp_mig\/impressum\/","title":{"rendered":"Impressum"},"content":{"rendered":"<h2>Angaben gem\u00e4\u00df \u00a7 5 TMG:<\/h2>\n<p>Stiftung<br \/>\nWeseler Str. 110<br \/>\n46562 Voerde<\/p>\n<h2>Vertreten durch:<\/h2>\n<p>Heinz Faure<\/p>\n<p>Weseler Str. 110 , 46562 Voerde<br \/>\nKontakt:<\/p>\n<p>Telefon:<\/p>\n<p>Tel. 0281-94 40 444<\/p>\n<p>E Mail: info[at]faure-stiftung[punkt]de<\/p>\n<p>&#8212;&#8212;&#8212;&#8212;&#8212;&#8212;&#8212;&#8212;&#8212;&#8212;<br \/>\nNicht rechtsf\u00e4hige Stiftung in der treuh\u00e4nderischen Verwaltung der<\/p>\n<p>DS Deutsche Stiftungsagentur GmbH<\/p>\n<p>Hamtorstra\u00dfe 16<\/p>\n<p>41460 Neuss<\/p>\n<p>&nbsp;<\/p>\n<p>Zust\u00e4ndiges Finanzamt : Neuss \u2013 Steuernummer 125\/5861\/3378 VST<\/p>\n<p>Die Faure Stiftung dient nach der eingereichten Satzung ausschlie\u00dflich und unmittelbar<br \/>\nSteuerbeg\u00fcnstigten gemeinn\u00fctzigen und mildt\u00e4tigen Zwecken.<\/p>\n<h2>Kontakt:<\/h2>\n<table>\n<tbody>\n<tr>\n<td>Telefon:<\/td>\n<td>0281-94 40 444<\/td>\n<\/tr>\n<tr>\n<td>E-Mail:<\/td>\n<td>info[at]faure-stiftung[punkt]de<\/td>\n<\/tr>\n<\/tbody>\n<\/table>\n<h2>Verantwortlich f\u00fcr den Inhalt nach \u00a7 55 Abs. 2 RStV:<\/h2>\n<p>medienwerkstattNRW<br \/>\nAndrea Faure<br \/>\nIn den Weihern 14<br \/>\n46562 Voerde<\/p>\n<h2>Streitschlichtung<\/h2>\n<p>Wir sind nicht bereit oder verpflichtet, an Streitbeilegungsverfahren vor einer Verbraucherschlichtungsstelle teilzunehmen.<\/p>\n<h3>Haftung f\u00fcr Inhalte<\/h3>\n<p>Als Diensteanbieter sind wir gem\u00e4\u00df \u00a7 7 Abs.1 TMG f\u00fcr eigene Inhalte auf diesen Seiten nach den allgemeinen Gesetzen verantwortlich. Nach \u00a7\u00a7 8 bis 10 TMG sind wir als Diensteanbieter jedoch nicht verpflichtet, \u00fcbermittelte oder gespeicherte fremde Informationen zu \u00fcberwachen oder nach Umst\u00e4nden zu forschen, die auf eine rechtswidrige T\u00e4tigkeit hinweisen.<\/p>\n<p>Verpflichtungen zur Entfernung oder Sperrung der Nutzung von Informationen nach den allgemeinen Gesetzen bleiben hiervon unber\u00fchrt. Eine diesbez\u00fcgliche Haftung ist jedoch erst ab dem Zeitpunkt der Kenntnis einer konkreten Rechtsverletzung m\u00f6glich. Bei Bekanntwerden von entsprechenden Rechtsverletzungen werden wir diese Inhalte umgehend entfernen.<\/p>\n<h3>Haftung f\u00fcr Links<\/h3>\n<p>Unser Angebot enth\u00e4lt Links zu externen Websites Dritter, auf deren Inhalte wir keinen Einfluss haben. Deshalb k\u00f6nnen wir f\u00fcr diese fremden Inhalte auch keine Gew\u00e4hr \u00fcbernehmen. F\u00fcr die Inhalte der verlinkten Seiten ist stets der jeweilige Anbieter oder Betreiber der Seiten verantwortlich. Die verlinkten Seiten wurden zum Zeitpunkt der Verlinkung auf m\u00f6gliche Rechtsverst\u00f6\u00dfe \u00fcberpr\u00fcft. Rechtswidrige Inhalte waren zum Zeitpunkt der Verlinkung nicht erkennbar.<\/p>\n<p>Eine permanente inhaltliche Kontrolle der verlinkten Seiten ist jedoch ohne konkrete Anhaltspunkte einer Rechtsverletzung nicht zumutbar. Bei Bekanntwerden von Rechtsverletzungen werden wir derartige Links umgehend entfernen.<\/p>\n<h3>Urheberrecht<\/h3>\n<p>Die durch die Seitenbetreiber erstellten Inhalte und Werke auf diesen Seiten unterliegen dem deutschen Urheberrecht. Die Vervielf\u00e4ltigung, Bearbeitung, Verbreitung und jede Art der Verwertung au\u00dferhalb der Grenzen des Urheberrechtes bed\u00fcrfen der schriftlichen Zustimmung des jeweiligen Autors bzw. Erstellers. Downloads und Kopien dieser Seite sind nur f\u00fcr den privaten, nicht kommerziellen Gebrauch gestattet.<\/p>\n<p>Soweit die Inhalte auf dieser Seite nicht vom Betreiber erstellt wurden, werden die Urheberrechte Dritter beachtet. Insbesondere werden Inhalte Dritter als solche gekennzeichnet. Sollten Sie trotzdem auf eine Urheberrechtsverletzung aufmerksam werden, bitten wir um einen entsprechenden Hinweis. Bei Bekanntwerden von Rechtsverletzungen werden wir derartige Inhalte umgehend entfernen.<\/p>\n<p>[row]<\/p>\n<p>[\/row]<\/p>\n","protected":false},"excerpt":{"rendered":"<p>Angaben gem\u00e4\u00df \u00a7 5 TMG: Stiftung Weseler Str. 110 46562 Voerde Vertreten durch: Heinz Faure Weseler Str. 110 , 46562 Voerde Kontakt: Telefon: Tel. 0281-94 40 444 E Mail: info[at]faure-stiftung[punkt]de &#8212;&#8212;&#8212;&#8212;&#8212;&#8212;&#8212;&#8212;&#8212;&#8212; Nicht rechtsf\u00e4hige Stiftung in der treuh\u00e4nderischen Verwaltung der DS Deutsche Stiftungsagentur GmbH Hamtorstra\u00dfe 16 41460 Neuss &nbsp; Zust\u00e4ndiges Finanzamt : Neuss \u2013 Steuernummer 125\/5861\/3378 [&hellip;]<\/p>\n","protected":false},"author":1,"featured_media":0,"parent":0,"menu_order":1,"comment_status":"closed","ping_status":"closed","template":"elementor_header_footer","meta":{"give_campaign_id":0,"footnotes":""},"class_list":["post-6","page","type-page","status-publish","hentry"],"campaignId":"","_links":{"self":[{"href":"https:\/\/www.faure-stiftung.de\/wp_mig\/wp-json\/wp\/v2\/pages\/6","targetHints":{"allow":["GET"]}}],"collection":[{"href":"https:\/\/www.faure-stiftung.de\/wp_mig\/wp-json\/wp\/v2\/pages"}],"about":[{"href":"https:\/\/www.faure-stiftung.de\/wp_mig\/wp-json\/wp\/v2\/types\/page"}],"author":[{"embeddable":true,"href":"https:\/\/www.faure-stiftung.de\/wp_mig\/wp-json\/wp\/v2\/users\/1"}],"replies":[{"embeddable":true,"href":"https:\/\/www.faure-stiftung.de\/wp_mig\/wp-json\/wp\/v2\/comments?post=6"}],"version-history":[{"count":5,"href":"https:\/\/www.faure-stiftung.de\/wp_mig\/wp-json\/wp\/v2\/pages\/6\/revisions"}],"predecessor-version":[{"id":1153,"href":"https:\/\/www.faure-stiftung.de\/wp_mig\/wp-json\/wp\/v2\/pages\/6\/revisions\/1153"}],"wp:attachment":[{"href":"https:\/\/www.faure-stiftung.de\/wp_mig\/wp-json\/wp\/v2\/media?parent=6"}],"curies":[{"name":"wp","href":"https:\/\/api.w.org\/{rel}","templated":true}]}}