{"id":24,"date":"2013-04-22T20:40:55","date_gmt":"2013-04-22T20:40:55","guid":{"rendered":"http:\/\/www.faure-stiftung.de\/wp_mig\/2013\/04\/22\/spendensammlung\/"},"modified":"2022-03-18T12:28:00","modified_gmt":"2022-03-18T12:28:00","slug":"spendensammlung","status":"publish","type":"page","link":"https:\/\/www.faure-stiftung.de\/wp_mig\/spendensammlung\/","title":{"rendered":"Spenden"},"content":{"rendered":"\t\t<div data-elementor-type=\"wp-page\" data-elementor-id=\"24\" class=\"elementor elementor-24\">\n\t\t\t\t\t\t<section class=\"elementor-section elementor-top-section elementor-element elementor-element-72e8affe elementor-section-boxed elementor-section-height-default elementor-section-height-default\" data-id=\"72e8affe\" data-element_type=\"section\" data-e-type=\"section\">\n\t\t\t\t\t\t<div class=\"elementor-container elementor-column-gap-default\">\n\t\t\t\t\t<div class=\"elementor-column elementor-col-100 elementor-top-column elementor-element elementor-element-210a4258\" data-id=\"210a4258\" data-element_type=\"column\" data-e-type=\"column\">\n\t\t\t<div class=\"elementor-widget-wrap elementor-element-populated\">\n\t\t\t\t\t\t<div class=\"elementor-element elementor-element-31ce9bf8 elementor-widget elementor-widget-text-editor\" data-id=\"31ce9bf8\" data-element_type=\"widget\" data-e-type=\"widget\" data-widget_type=\"text-editor.default\">\n\t\t\t\t<div class=\"elementor-widget-container\">\n\t\t\t\t\t\t\t\t\t<p>Jeder der die Ziele der Stiftung unterst\u00fctzen m\u00f6chte, kann auf das angegebene Spendenkonto Geld einzahlen.<\/p><p>Die Einzahlung bis 200,&#8211; \u20ac gelten in Verbindung mit dem Bankbeleg als Spende die voll steuerlich abzugsf\u00e4hig ist. \u00dcber h\u00f6here Spenden wird automatisch eine Spendenquittung erstellt.<br \/>Bitte in der \u00dcberweisung eine vollst\u00e4ndige Adresse, sofern der Stiftung nicht bekannt, angeben.<\/p>\t\t\t\t\t\t\t\t<\/div>\n\t\t\t\t<\/div>\n\t\t\t\t\t<\/div>\n\t\t<\/div>\n\t\t\t\t\t<\/div>\n\t\t<\/section>\n\t\t\t\t<section class=\"elementor-section elementor-top-section elementor-element elementor-element-3f9b91a elementor-section-boxed elementor-section-height-default elementor-section-height-default\" data-id=\"3f9b91a\" data-element_type=\"section\" data-e-type=\"section\">\n\t\t\t\t\t\t<div class=\"elementor-container elementor-column-gap-default\">\n\t\t\t\t\t<div class=\"elementor-column elementor-col-100 elementor-top-column elementor-element elementor-element-660562c\" data-id=\"660562c\" data-element_type=\"column\" data-e-type=\"column\">\n\t\t\t<div class=\"elementor-widget-wrap elementor-element-populated\">\n\t\t\t\t\t\t<div class=\"elementor-element elementor-element-3da2a87 elementor-widget-divider--view-line elementor-widget elementor-widget-divider\" data-id=\"3da2a87\" data-element_type=\"widget\" data-e-type=\"widget\" data-widget_type=\"divider.default\">\n\t\t\t\t<div class=\"elementor-widget-container\">\n\t\t\t\t\t\t\t<div class=\"elementor-divider\">\n\t\t\t<span class=\"elementor-divider-separator\">\n\t\t\t\t\t\t<\/span>\n\t\t<\/div>\n\t\t\t\t\t\t<\/div>\n\t\t\t\t<\/div>\n\t\t\t\t<div class=\"elementor-element elementor-element-89b0ebc elementor-widget elementor-widget-shortcode\" data-id=\"89b0ebc\" data-element_type=\"widget\" data-e-type=\"widget\" data-widget_type=\"shortcode.default\">\n\t\t\t\t<div class=\"elementor-widget-container\">\n\t\t\t\t\t\t\t<div class=\"elementor-shortcode\">\t<div id=\"give-form-276-wrap\" class=\"give-form-wrap give-display-onpage\">\n\t\t\t\t\t<form id=\"give-form-276-1\" class=\"give-form give-form-276 give-form-type-set\" action=\"https:\/\/www.faure-stiftung.de\/wp_mig\/wp-json\/wp\/v2\/pages\/24\/?payment-mode=offline&form-id=276\" data-id=\"276-1\" data-currency_symbol=\"&euro;\" data-currency_code=\"EUR\" data-currency_position=\"after\" data-thousands_separator=\",\" data-decimal_separator=\".\" data-number_decimals=\"2\" method=\"post\">\n\t\t\t\t<!-- The following field is for robots only, invisible to humans: -->\n\t\t\t\t<span class=\"give-hidden\" style=\"display: none !important;\">\n\t\t\t\t\t<label for=\"give-form-honeypot-276\"><\/label>\n\t\t\t\t\t<input id=\"give-form-honeypot-276\" type=\"text\" name=\"give-honeypot\"\n\t\t\t\t\t\t   class=\"give-honeypot give-hidden\"\/>\n\t\t\t\t<\/span>\n\n\t\t\t\t\t<input type=\"hidden\" name=\"give-form-id-prefix\" value=\"276-1\"\/>\n\t<input type=\"hidden\" name=\"give-form-id\" value=\"276\"\/>\n\t<input type=\"hidden\" name=\"give-form-title\" value=\"Tun Sie was Gutes f\u00fcr Kinder in Voerde\"\/>\n\t<input type=\"hidden\" name=\"give-current-url\" value=\"https:\/\/www.faure-stiftung.de\/wp_mig\/wp-json\/wp\/v2\/pages\/24\/\"\/>\n\t<input type=\"hidden\" name=\"give-form-url\" value=\"https:\/\/www.faure-stiftung.de\/wp_mig\/wp-json\/wp\/v2\/pages\/24\/\"\/>\n\t\t\t<input type=\"hidden\" name=\"give-form-minimum\"\n\t\t\t   value=\"1.00\"\/>\n\t\t<input type=\"hidden\" name=\"give-form-maximum\"\n\t\t\t   value=\"999999.99\"\/>\n\t\t<input type=\"hidden\"  name=\"give-form-hash\" value=\"be4290e89e\" data-time=\"1778067990\" data-nonce-life=\"86400\" data-donor-session=\"0\"\/>\t\t<div class=\"give-total-wrap\">\n\t\t\t<div class=\"give-donation-amount form-row-wide\">\n\t\t\t\t\t\t\t\t<label class=\"give-hidden\" for=\"give-amount\">Spendensumme:<\/label>\n\t\t\t\t<input class=\"give-text-input give-amount-top\" id=\"give-amount\" name=\"give-amount\" type=\"text\" inputmode=\"decimal\"\n\t\t\t\t\t   placeholder=\"\" value=\"1.00\" autocomplete=\"off\">\n\t\t\t\t<span class=\"give-currency-symbol give-currency-position-after\">&euro;<\/span>\t\t\t<\/div>\n\t\t<\/div>\n\t\t\t\t<p class=\"give-custom-amount-text\">Spenden Sie etwas f\u00fcr Kinder in Voerde<\/p>\n\t\t\n\t<fieldset id=\"give-payment-mode-select\">\n\t\t\t\t<legend\n\t\t\tclass=\"give-payment-mode-label\">Zahlungsmethode ausw\u00e4hlen\t\t\t<span class=\"give-loading-text\"><span\n\t\t\t\t\tclass=\"give-loading-animation\"><\/span>\n\t\t\t<\/span>\n\t\t<\/legend>\n\n\t\t<div id=\"give-payment-mode-wrap\">\n\t\t\t\t\t\t<ul id=\"give-gateway-radio-list\">\n\t\t\t\t\t\t\t\t\t\t<li class=\"give-gateway-option-selected\">\n\t\t\t\t\t\t\t<input type=\"radio\" name=\"payment-mode\" class=\"give-gateway\"\n\t\t\t\t\t\t\t\t   id=\"give-gateway-offline-276-1\"\n\t\t\t\t\t\t\t\t   value=\"offline\" checked='checked'>\n\t\t\t\t\t\t\t<label for=\"give-gateway-offline-276-1\"\n\t\t\t\t\t\t\t\t   class=\"give-gateway-option\"\n\t\t\t\t\t\t\t\t   id=\"give-gateway-option-offline\"> \u00dcberweisung<\/label>\n\t\t\t\t\t\t<\/li>\n\t\t\t\t\t\t\t\t\t\t\t\t<li>\n\t\t\t\t\t\t\t<input type=\"radio\" name=\"payment-mode\" class=\"give-gateway\"\n\t\t\t\t\t\t\t\t   id=\"give-gateway-paypal-276-1\"\n\t\t\t\t\t\t\t\t   value=\"paypal\">\n\t\t\t\t\t\t\t<label for=\"give-gateway-paypal-276-1\"\n\t\t\t\t\t\t\t\t   class=\"give-gateway-option\"\n\t\t\t\t\t\t\t\t   id=\"give-gateway-option-paypal\"> PayPal<\/label>\n\t\t\t\t\t\t<\/li>\n\t\t\t\t\t\t\t\t\t<\/ul>\n\t\t\t\t\t<\/div>\n\t\t\t<\/fieldset>\n\n\t\n\t<div id=\"give_purchase_form_wrap\">\n\n\t\t\t<fieldset id=\"give_checkout_user_info\" class=\"\">\n\t\t<legend>\n\t\t\tPers\u00f6nliche Informationen\t\t<\/legend>\n\n\t\t\n        <p id=\"give-first-name-wrap\" class=\"form-row form-row-first form-row-responsive\">\n            <label class=\"give-label\" for=\"give-first\">\n                Vorname                                    <span class=\"give-required-indicator\">*<\/span>\n                                <span class=\"give-tooltip hint--top hint--medium hint--bounce\" aria-label=\"Dein Vorname wird benutzt, um deine Spendenaufzeichnung zu personalisieren.\" rel=\"tooltip\"><i class=\"give-icon give-icon-question\"><\/i><\/span>            <\/label>\n            <input\n                class=\"give-input required\"\n                type=\"text\"\n                name=\"give_first\"\n                autocomplete=\"given-name\"\n                placeholder=\"Vorname\"\n                id=\"give-first\"\n                value=\"\"\n                 required aria-required=\"true\"             \/>\n        <\/p>\n\n        <p id=\"give-last-name-wrap\" class=\"form-row form-row-last form-row-responsive\">\n            <label class=\"give-label\" for=\"give-last\">\n                Nachname                                <span class=\"give-tooltip hint--top hint--medium hint--bounce\" aria-label=\"Dein Nachname wird benutzt, um deine Spendenaufzeichnung zu personalisieren.\" rel=\"tooltip\"><i class=\"give-icon give-icon-question\"><\/i><\/span>            <\/label>\n\n            <input\n                class=\"give-input\"\n                type=\"text\"\n                name=\"give_last\"\n                autocomplete=\"family-name\"\n                id=\"give-last\"\n                placeholder=\"Nachname\"\n                value=\"\"\n                            \/>\n        <\/p>\n\n        \n                <p id=\"give-email-wrap\" class=\"form-row form-row-wide\">\n            <label class=\"give-label\" for=\"give-email\">\n                E-Mail-Adresse                                    <span class=\"give-required-indicator\">*<\/span>\n                                    <span class=\"give-tooltip hint--top hint--medium hint--bounce\" aria-label=\"Wir werden die Spendenquittung zu dieser Adresse senden.\" rel=\"tooltip\"><i class=\"give-icon give-icon-question\"><\/i><\/span>            <\/label>\n            <input\n                class=\"give-input required\"\n                type=\"email\"\n                name=\"give_email\"\n                autocomplete=\"email\"\n                placeholder=\"E-Mail-Adresse\"\n                id=\"give-email\"\n                value=\"\"\n                 required aria-required=\"true\"             \/>\n\n        <\/p>\n\n        \n\t\t\t\t\t<\/fieldset>\n\t<fieldset class='no-fields' id='give_offline_payment_info'>\n                <p>Um eine Spende per \u00dcberweisung zu t\u00e4tigen, befolgen Sie bitte die folgende Anleitung:<\/p>\n<ol>\n<li>Bitte \u00fcberweisen Sie Ihre Spenden auf folgendes Konto:<br \/>\nBankverbindung: Faure-StiftungSparkasse Dinslaken-VoerdeIBAN: <strong>DE14 3565 0000 06709 199 19<\/strong><br \/>\nBIC: WELADED1DIN<\/li>\n<li>Geben Sie in der Verwendungszeile bitte an \"Spende Faure-Stiftung OL\".<\/li>\n<\/ol>\n<p>Alle Zuwendungen werden dankbar entgegengenommen und sind steuerlich abzugsf\u00e4hig.<\/p>\n\n            <\/fieldset>\t<fieldset id=\"give_purchase_submit\" class=\"give-donation-submit\">\n\t\t\t<p id=\"give-final-total-wrap\" class=\"form-wrap \">\n\t\t\t\t<span class=\"give-donation-total-label\">\n\t\t\tSpendensumme:\t\t<\/span>\n\t\t<span class=\"give-final-total-amount\"\n\t\t\t  data-total=\"1.00\">\n\t\t\t1.00&euro;\t\t<\/span>\n\t\t\t<\/p>\n\t\t<input type=\"hidden\" name=\"give_action\" value=\"purchase\"\/>\n\t<input type=\"hidden\" name=\"give-gateway\" value=\"offline\"\/>\n\t\t<div class=\"give-submit-button-wrap give-clearfix\">\n\t\t<input type=\"submit\" class=\"give-submit give-btn\" id=\"give-purchase-button\" name=\"give-purchase\"\n\t\t\t   value=\"Jetzt spenden\" data-before-validation-label=\"Jetzt spenden\"\/>\n\t\t<span class=\"give-loading-animation\"><\/span>\n\t<\/div>\n\t\t<\/fieldset>\n\t\n\t<\/div>\n\n\t\t\t\t<\/form>\n\n\t\t\t\n\t<\/div><!--end #give-form-276-->\n\t<\/div>\n\t\t\t\t\t\t<\/div>\n\t\t\t\t<\/div>\n\t\t\t\t\t<\/div>\n\t\t<\/div>\n\t\t\t\t\t<\/div>\n\t\t<\/section>\n\t\t\t\t<section class=\"elementor-section elementor-top-section elementor-element elementor-element-0695ff1 elementor-section-boxed elementor-section-height-default elementor-section-height-default\" data-id=\"0695ff1\" data-element_type=\"section\" data-e-type=\"section\">\n\t\t\t\t\t\t<div class=\"elementor-container elementor-column-gap-default\">\n\t\t\t\t\t<div class=\"elementor-column elementor-col-100 elementor-top-column elementor-element elementor-element-43ae1b2\" data-id=\"43ae1b2\" data-element_type=\"column\" data-e-type=\"column\">\n\t\t\t<div class=\"elementor-widget-wrap elementor-element-populated\">\n\t\t\t\t\t\t<div class=\"elementor-element elementor-element-b54109f elementor-widget elementor-widget-image-gallery\" data-id=\"b54109f\" data-element_type=\"widget\" data-e-type=\"widget\" data-widget_type=\"image-gallery.default\">\n\t\t\t\t<div class=\"elementor-widget-container\">\n\t\t\t\t\t\t\t<div class=\"elementor-image-gallery\">\n\t\t\t<div id='gallery-1' class='gallery galleryid-24 gallery-columns-4 gallery-size-pifoxen_gallery_370X420'><figure class='gallery-item'>\n\t\t\t<div class='gallery-icon landscape'>\n\t\t\t\t<a data-elementor-open-lightbox=\"yes\" data-elementor-lightbox-slideshow=\"b54109f\" data-elementor-lightbox-title=\"ehrenspreis2013_start_sl\" data-e-action-hash=\"#elementor-action%3Aaction%3Dlightbox%26settings%3DeyJpZCI6MzMsInVybCI6Imh0dHBzOlwvXC93d3cuZmF1cmUtc3RpZnR1bmcuZGVcL3dwX21pZ1wvd3AtY29udGVudFwvdXBsb2Fkc1wvMjAxNFwvMDFcL2VocmVuc3ByZWlzMjAxM19zdGFydF9zbC5qcGciLCJzbGlkZXNob3ciOiJiNTQxMDlmIn0%3D\" href='https:\/\/www.faure-stiftung.de\/wp_mig\/wp-content\/uploads\/2014\/01\/ehrenspreis2013_start_sl.jpg'><img fetchpriority=\"high\" decoding=\"async\" width=\"370\" height=\"172\" src=\"https:\/\/www.faure-stiftung.de\/wp_mig\/wp-content\/uploads\/2014\/01\/ehrenspreis2013_start_sl.jpg\" class=\"attachment-pifoxen_gallery_370X420 size-pifoxen_gallery_370X420\" alt=\"\" srcset=\"https:\/\/www.faure-stiftung.de\/wp_mig\/wp-content\/uploads\/2014\/01\/ehrenspreis2013_start_sl.jpg 400w, https:\/\/www.faure-stiftung.de\/wp_mig\/wp-content\/uploads\/2014\/01\/ehrenspreis2013_start_sl-300x140.jpg 300w\" sizes=\"(max-width: 370px) 100vw, 370px\" \/><\/a>\n\t\t\t<\/div><\/figure><figure class='gallery-item'>\n\t\t\t<div class='gallery-icon landscape'>\n\t\t\t\t<a data-elementor-open-lightbox=\"yes\" data-elementor-lightbox-slideshow=\"b54109f\" data-elementor-lightbox-title=\"knop1213\" data-e-action-hash=\"#elementor-action%3Aaction%3Dlightbox%26settings%3DeyJpZCI6MTYxLCJ1cmwiOiJodHRwczpcL1wvd3d3LmZhdXJlLXN0aWZ0dW5nLmRlXC93cF9taWdcL3dwLWNvbnRlbnRcL3VwbG9hZHNcLzIwMTZcLzAxXC9rbm9wMTIxMy5qcGciLCJzbGlkZXNob3ciOiJiNTQxMDlmIn0%3D\" href='https:\/\/www.faure-stiftung.de\/wp_mig\/wp-content\/uploads\/2016\/01\/knop1213.jpg'><img decoding=\"async\" width=\"370\" height=\"267\" src=\"https:\/\/www.faure-stiftung.de\/wp_mig\/wp-content\/uploads\/2016\/01\/knop1213.jpg\" class=\"attachment-pifoxen_gallery_370X420 size-pifoxen_gallery_370X420\" alt=\"\" srcset=\"https:\/\/www.faure-stiftung.de\/wp_mig\/wp-content\/uploads\/2016\/01\/knop1213.jpg 1000w, https:\/\/www.faure-stiftung.de\/wp_mig\/wp-content\/uploads\/2016\/01\/knop1213-300x217.jpg 300w, https:\/\/www.faure-stiftung.de\/wp_mig\/wp-content\/uploads\/2016\/01\/knop1213-768x554.jpg 768w, https:\/\/www.faure-stiftung.de\/wp_mig\/wp-content\/uploads\/2016\/01\/knop1213-571x412.jpg 571w, https:\/\/www.faure-stiftung.de\/wp_mig\/wp-content\/uploads\/2016\/01\/knop1213-371x268.jpg 371w, https:\/\/www.faure-stiftung.de\/wp_mig\/wp-content\/uploads\/2016\/01\/knop1213-271x196.jpg 271w\" sizes=\"(max-width: 370px) 100vw, 370px\" \/><\/a>\n\t\t\t<\/div><\/figure><figure class='gallery-item'>\n\t\t\t<div class='gallery-icon landscape'>\n\t\t\t\t<a data-elementor-open-lightbox=\"yes\" data-elementor-lightbox-slideshow=\"b54109f\" data-elementor-lightbox-title=\"fs-002_s\" data-e-action-hash=\"#elementor-action%3Aaction%3Dlightbox%26settings%3DeyJpZCI6MzgsInVybCI6Imh0dHBzOlwvXC93d3cuZmF1cmUtc3RpZnR1bmcuZGVcL3dwX21pZ1wvd3AtY29udGVudFwvdXBsb2Fkc1wvMjAxNFwvMDdcL2ZzLTAwMl9zLmpwZyIsInNsaWRlc2hvdyI6ImI1NDEwOWYifQ%3D%3D\" href='https:\/\/www.faure-stiftung.de\/wp_mig\/wp-content\/uploads\/2014\/07\/fs-002_s.jpg'><img decoding=\"async\" width=\"370\" height=\"247\" src=\"https:\/\/www.faure-stiftung.de\/wp_mig\/wp-content\/uploads\/2014\/07\/fs-002_s.jpg\" class=\"attachment-pifoxen_gallery_370X420 size-pifoxen_gallery_370X420\" alt=\"\" aria-describedby=\"gallery-1-38\" srcset=\"https:\/\/www.faure-stiftung.de\/wp_mig\/wp-content\/uploads\/2014\/07\/fs-002_s.jpg 1200w, https:\/\/www.faure-stiftung.de\/wp_mig\/wp-content\/uploads\/2014\/07\/fs-002_s-300x200.jpg 300w, https:\/\/www.faure-stiftung.de\/wp_mig\/wp-content\/uploads\/2014\/07\/fs-002_s-768x512.jpg 768w, https:\/\/www.faure-stiftung.de\/wp_mig\/wp-content\/uploads\/2014\/07\/fs-002_s-1024x683.jpg 1024w\" sizes=\"(max-width: 370px) 100vw, 370px\" \/><\/a>\n\t\t\t<\/div>\n\t\t\t\t<figcaption class='wp-caption-text gallery-caption' id='gallery-1-38'>\n\t\t\t\tBesser Essen\n\t\t\t\t<\/figcaption><\/figure><figure class='gallery-item'>\n\t\t\t<div class='gallery-icon landscape'>\n\t\t\t\t<a data-elementor-open-lightbox=\"yes\" data-elementor-lightbox-slideshow=\"b54109f\" data-elementor-lightbox-title=\"04\" data-e-action-hash=\"#elementor-action%3Aaction%3Dlightbox%26settings%3DeyJpZCI6MTUxLCJ1cmwiOiJodHRwczpcL1wvd3d3LmZhdXJlLXN0aWZ0dW5nLmRlXC93cF9taWdcL3dwLWNvbnRlbnRcL3VwbG9hZHNcLzIwMTZcLzAxXC8wNC5qcGciLCJzbGlkZXNob3ciOiJiNTQxMDlmIn0%3D\" href='https:\/\/www.faure-stiftung.de\/wp_mig\/wp-content\/uploads\/2016\/01\/04.jpg'><img loading=\"lazy\" decoding=\"async\" width=\"370\" height=\"247\" src=\"https:\/\/www.faure-stiftung.de\/wp_mig\/wp-content\/uploads\/2016\/01\/04.jpg\" class=\"attachment-pifoxen_gallery_370X420 size-pifoxen_gallery_370X420\" alt=\"\" srcset=\"https:\/\/www.faure-stiftung.de\/wp_mig\/wp-content\/uploads\/2016\/01\/04.jpg 640w, https:\/\/www.faure-stiftung.de\/wp_mig\/wp-content\/uploads\/2016\/01\/04-300x200.jpg 300w, https:\/\/www.faure-stiftung.de\/wp_mig\/wp-content\/uploads\/2016\/01\/04-571x381.jpg 571w, https:\/\/www.faure-stiftung.de\/wp_mig\/wp-content\/uploads\/2016\/01\/04-371x248.jpg 371w, https:\/\/www.faure-stiftung.de\/wp_mig\/wp-content\/uploads\/2016\/01\/04-271x181.jpg 271w\" sizes=\"(max-width: 370px) 100vw, 370px\" \/><\/a>\n\t\t\t<\/div><\/figure><figure class='gallery-item'>\n\t\t\t<div class='gallery-icon landscape'>\n\t\t\t\t<a data-elementor-open-lightbox=\"yes\" data-elementor-lightbox-slideshow=\"b54109f\" data-elementor-lightbox-title=\"knop1213\" data-e-action-hash=\"#elementor-action%3Aaction%3Dlightbox%26settings%3DeyJpZCI6MzUsInVybCI6Imh0dHBzOlwvXC93d3cuZmF1cmUtc3RpZnR1bmcuZGVcL3dwX21pZ1wvd3AtY29udGVudFwvdXBsb2Fkc1wvMjAxNFwvMDJcL2tub3AxMjEzLmpwZyIsInNsaWRlc2hvdyI6ImI1NDEwOWYifQ%3D%3D\" href='https:\/\/www.faure-stiftung.de\/wp_mig\/wp-content\/uploads\/2014\/02\/knop1213.jpg'><img loading=\"lazy\" decoding=\"async\" width=\"370\" height=\"267\" src=\"https:\/\/www.faure-stiftung.de\/wp_mig\/wp-content\/uploads\/2014\/02\/knop1213.jpg\" class=\"attachment-pifoxen_gallery_370X420 size-pifoxen_gallery_370X420\" alt=\"\" srcset=\"https:\/\/www.faure-stiftung.de\/wp_mig\/wp-content\/uploads\/2014\/02\/knop1213.jpg 1000w, https:\/\/www.faure-stiftung.de\/wp_mig\/wp-content\/uploads\/2014\/02\/knop1213-300x217.jpg 300w, https:\/\/www.faure-stiftung.de\/wp_mig\/wp-content\/uploads\/2014\/02\/knop1213-768x554.jpg 768w\" sizes=\"(max-width: 370px) 100vw, 370px\" \/><\/a>\n\t\t\t<\/div><\/figure><figure class='gallery-item'>\n\t\t\t<div class='gallery-icon landscape'>\n\t\t\t\t<a data-elementor-open-lightbox=\"yes\" data-elementor-lightbox-slideshow=\"b54109f\" data-elementor-lightbox-title=\"Regenbogenschule13\" data-e-action-hash=\"#elementor-action%3Aaction%3Dlightbox%26settings%3DeyJpZCI6MjgsInVybCI6Imh0dHBzOlwvXC93d3cuZmF1cmUtc3RpZnR1bmcuZGVcL3dwX21pZ1wvd3AtY29udGVudFwvdXBsb2Fkc1wvMjAxM1wvMDRcL3JlZ2VuYm9nZW5fcy5qcGciLCJzbGlkZXNob3ciOiJiNTQxMDlmIn0%3D\" href='https:\/\/www.faure-stiftung.de\/wp_mig\/wp-content\/uploads\/2013\/04\/regenbogen_s.jpg'><img loading=\"lazy\" decoding=\"async\" width=\"370\" height=\"247\" src=\"https:\/\/www.faure-stiftung.de\/wp_mig\/wp-content\/uploads\/2013\/04\/regenbogen_s.jpg\" class=\"attachment-pifoxen_gallery_370X420 size-pifoxen_gallery_370X420\" alt=\"Regenbogenschule13\" srcset=\"https:\/\/www.faure-stiftung.de\/wp_mig\/wp-content\/uploads\/2013\/04\/regenbogen_s.jpg 900w, https:\/\/www.faure-stiftung.de\/wp_mig\/wp-content\/uploads\/2013\/04\/regenbogen_s-300x200.jpg 300w, https:\/\/www.faure-stiftung.de\/wp_mig\/wp-content\/uploads\/2013\/04\/regenbogen_s-768x512.jpg 768w\" sizes=\"(max-width: 370px) 100vw, 370px\" \/><\/a>\n\t\t\t<\/div><\/figure><figure class='gallery-item'>\n\t\t\t<div class='gallery-icon landscape'>\n\t\t\t\t<a data-elementor-open-lightbox=\"yes\" data-elementor-lightbox-slideshow=\"b54109f\" data-elementor-lightbox-title=\"img_9336-als-smart-objekt-1\" data-e-action-hash=\"#elementor-action%3Aaction%3Dlightbox%26settings%3DeyJpZCI6Mjg0LCJ1cmwiOiJodHRwczpcL1wvd3d3LmZhdXJlLXN0aWZ0dW5nLmRlXC93cF9taWdcL3dwLWNvbnRlbnRcL3VwbG9hZHNcLzIwMTZcLzExXC9JTUdfOTMzNi1hbHMtU21hcnQtT2JqZWt0LTEuanBnIiwic2xpZGVzaG93IjoiYjU0MTA5ZiJ9\" href='https:\/\/www.faure-stiftung.de\/wp_mig\/wp-content\/uploads\/2016\/11\/IMG_9336-als-Smart-Objekt-1.jpg'><img loading=\"lazy\" decoding=\"async\" width=\"370\" height=\"267\" src=\"https:\/\/www.faure-stiftung.de\/wp_mig\/wp-content\/uploads\/2016\/11\/IMG_9336-als-Smart-Objekt-1.jpg\" class=\"attachment-pifoxen_gallery_370X420 size-pifoxen_gallery_370X420\" alt=\"\" srcset=\"https:\/\/www.faure-stiftung.de\/wp_mig\/wp-content\/uploads\/2016\/11\/IMG_9336-als-Smart-Objekt-1.jpg 886w, https:\/\/www.faure-stiftung.de\/wp_mig\/wp-content\/uploads\/2016\/11\/IMG_9336-als-Smart-Objekt-1-300x217.jpg 300w, https:\/\/www.faure-stiftung.de\/wp_mig\/wp-content\/uploads\/2016\/11\/IMG_9336-als-Smart-Objekt-1-768x555.jpg 768w, https:\/\/www.faure-stiftung.de\/wp_mig\/wp-content\/uploads\/2016\/11\/IMG_9336-als-Smart-Objekt-1-571x412.jpg 571w, https:\/\/www.faure-stiftung.de\/wp_mig\/wp-content\/uploads\/2016\/11\/IMG_9336-als-Smart-Objekt-1-371x268.jpg 371w, https:\/\/www.faure-stiftung.de\/wp_mig\/wp-content\/uploads\/2016\/11\/IMG_9336-als-Smart-Objekt-1-271x196.jpg 271w\" sizes=\"(max-width: 370px) 100vw, 370px\" \/><\/a>\n\t\t\t<\/div><\/figure><figure class='gallery-item'>\n\t\t\t<div class='gallery-icon landscape'>\n\t\t\t\t<a data-elementor-open-lightbox=\"yes\" data-elementor-lightbox-slideshow=\"b54109f\" data-elementor-lightbox-title=\"54\" data-e-action-hash=\"#elementor-action%3Aaction%3Dlightbox%26settings%3DeyJpZCI6MTUzLCJ1cmwiOiJodHRwczpcL1wvd3d3LmZhdXJlLXN0aWZ0dW5nLmRlXC93cF9taWdcL3dwLWNvbnRlbnRcL3VwbG9hZHNcLzIwMTZcLzAxXC81NC5qcGciLCJzbGlkZXNob3ciOiJiNTQxMDlmIn0%3D\" href='https:\/\/www.faure-stiftung.de\/wp_mig\/wp-content\/uploads\/2016\/01\/54.jpg'><img loading=\"lazy\" decoding=\"async\" width=\"370\" height=\"247\" src=\"https:\/\/www.faure-stiftung.de\/wp_mig\/wp-content\/uploads\/2016\/01\/54.jpg\" class=\"attachment-pifoxen_gallery_370X420 size-pifoxen_gallery_370X420\" alt=\"\" aria-describedby=\"gallery-1-153\" srcset=\"https:\/\/www.faure-stiftung.de\/wp_mig\/wp-content\/uploads\/2016\/01\/54.jpg 640w, https:\/\/www.faure-stiftung.de\/wp_mig\/wp-content\/uploads\/2016\/01\/54-300x200.jpg 300w, https:\/\/www.faure-stiftung.de\/wp_mig\/wp-content\/uploads\/2016\/01\/54-571x381.jpg 571w, https:\/\/www.faure-stiftung.de\/wp_mig\/wp-content\/uploads\/2016\/01\/54-371x248.jpg 371w, https:\/\/www.faure-stiftung.de\/wp_mig\/wp-content\/uploads\/2016\/01\/54-271x181.jpg 271w\" sizes=\"(max-width: 370px) 100vw, 370px\" \/><\/a>\n\t\t\t<\/div>\n\t\t\t\t<figcaption class='wp-caption-text gallery-caption' id='gallery-1-153'>\n\t\t\t\tEin Tag im Zoo\n\t\t\t\t<\/figcaption><\/figure><figure class='gallery-item'>\n\t\t\t<div class='gallery-icon landscape'>\n\t\t\t\t<a data-elementor-open-lightbox=\"yes\" data-elementor-lightbox-slideshow=\"b54109f\" data-elementor-lightbox-title=\"061\" data-e-action-hash=\"#elementor-action%3Aaction%3Dlightbox%26settings%3DeyJpZCI6MTU1LCJ1cmwiOiJodHRwczpcL1wvd3d3LmZhdXJlLXN0aWZ0dW5nLmRlXC93cF9taWdcL3dwLWNvbnRlbnRcL3VwbG9hZHNcLzIwMTZcLzAxXC8wNjEuanBnIiwic2xpZGVzaG93IjoiYjU0MTA5ZiJ9\" href='https:\/\/www.faure-stiftung.de\/wp_mig\/wp-content\/uploads\/2016\/01\/061.jpg'><img loading=\"lazy\" decoding=\"async\" width=\"370\" height=\"247\" src=\"https:\/\/www.faure-stiftung.de\/wp_mig\/wp-content\/uploads\/2016\/01\/061.jpg\" class=\"attachment-pifoxen_gallery_370X420 size-pifoxen_gallery_370X420\" alt=\"\" srcset=\"https:\/\/www.faure-stiftung.de\/wp_mig\/wp-content\/uploads\/2016\/01\/061.jpg 1200w, https:\/\/www.faure-stiftung.de\/wp_mig\/wp-content\/uploads\/2016\/01\/061-300x200.jpg 300w, https:\/\/www.faure-stiftung.de\/wp_mig\/wp-content\/uploads\/2016\/01\/061-768x512.jpg 768w, https:\/\/www.faure-stiftung.de\/wp_mig\/wp-content\/uploads\/2016\/01\/061-1024x683.jpg 1024w, https:\/\/www.faure-stiftung.de\/wp_mig\/wp-content\/uploads\/2016\/01\/061-1170x780.jpg 1170w, https:\/\/www.faure-stiftung.de\/wp_mig\/wp-content\/uploads\/2016\/01\/061-571x381.jpg 571w, https:\/\/www.faure-stiftung.de\/wp_mig\/wp-content\/uploads\/2016\/01\/061-371x247.jpg 371w, https:\/\/www.faure-stiftung.de\/wp_mig\/wp-content\/uploads\/2016\/01\/061-271x181.jpg 271w\" sizes=\"(max-width: 370px) 100vw, 370px\" \/><\/a>\n\t\t\t<\/div><\/figure>\n\t\t<\/div>\n\t\t<\/div>\n\t\t\t\t\t\t<\/div>\n\t\t\t\t<\/div>\n\t\t\t\t\t<\/div>\n\t\t<\/div>\n\t\t\t\t\t<\/div>\n\t\t<\/section>\n\t\t\t\t<\/div>\n\t\t","protected":false},"excerpt":{"rendered":"<p>Jeder der die Ziele der Stiftung unterst\u00fctzen m\u00f6chte, kann auf das angegebene Spendenkonto Geld einzahlen. Die Einzahlung bis 200,&#8211; \u20ac gelten in Verbindung mit dem Bankbeleg als Spende die voll steuerlich abzugsf\u00e4hig ist. \u00dcber h\u00f6here Spenden wird automatisch eine Spendenquittung erstellt. Bitte in der \u00dcberweisung eine vollst\u00e4ndige Adresse, sofern der Stiftung nicht bekannt, angeben.<\/p>\n","protected":false},"author":1,"featured_media":0,"parent":0,"menu_order":0,"comment_status":"closed","ping_status":"closed","template":"elementor_header_footer","meta":{"give_campaign_id":0,"footnotes":""},"class_list":["post-24","page","type-page","status-publish","hentry"],"campaignId":"","_links":{"self":[{"href":"https:\/\/www.faure-stiftung.de\/wp_mig\/wp-json\/wp\/v2\/pages\/24","targetHints":{"allow":["GET"]}}],"collection":[{"href":"https:\/\/www.faure-stiftung.de\/wp_mig\/wp-json\/wp\/v2\/pages"}],"about":[{"href":"https:\/\/www.faure-stiftung.de\/wp_mig\/wp-json\/wp\/v2\/types\/page"}],"author":[{"embeddable":true,"href":"https:\/\/www.faure-stiftung.de\/wp_mig\/wp-json\/wp\/v2\/users\/1"}],"replies":[{"embeddable":true,"href":"https:\/\/www.faure-stiftung.de\/wp_mig\/wp-json\/wp\/v2\/comments?post=24"}],"version-history":[{"count":17,"href":"https:\/\/www.faure-stiftung.de\/wp_mig\/wp-json\/wp\/v2\/pages\/24\/revisions"}],"predecessor-version":[{"id":1084,"href":"https:\/\/www.faure-stiftung.de\/wp_mig\/wp-json\/wp\/v2\/pages\/24\/revisions\/1084"}],"wp:attachment":[{"href":"https:\/\/www.faure-stiftung.de\/wp_mig\/wp-json\/wp\/v2\/media?parent=24"}],"curies":[{"name":"wp","href":"https:\/\/api.w.org\/{rel}","templated":true}]}}