{"id":1085,"date":"2022-03-18T12:30:19","date_gmt":"2022-03-18T12:30:19","guid":{"rendered":"https:\/\/www.faure-stiftung.de\/wp_mig\/?page_id=1085"},"modified":"2022-03-18T12:43:09","modified_gmt":"2022-03-18T12:43:09","slug":"die-stiftung","status":"publish","type":"page","link":"https:\/\/www.faure-stiftung.de\/wp_mig\/die-stiftung\/","title":{"rendered":"Die Stiftung"},"content":{"rendered":"\t\t<div data-elementor-type=\"wp-page\" data-elementor-id=\"1085\" class=\"elementor elementor-1085\">\n\t\t\t\t\t\t<section class=\"elementor-section elementor-top-section elementor-element elementor-element-365a1c3 elementor-section-boxed elementor-section-height-default elementor-section-height-default\" data-id=\"365a1c3\" data-element_type=\"section\" data-e-type=\"section\">\n\t\t\t\t\t\t<div class=\"elementor-container elementor-column-gap-default\">\n\t\t\t\t\t<div class=\"elementor-column elementor-col-100 elementor-top-column elementor-element elementor-element-f8345e2\" data-id=\"f8345e2\" data-element_type=\"column\" data-e-type=\"column\">\n\t\t\t<div class=\"elementor-widget-wrap elementor-element-populated\">\n\t\t\t\t\t\t<div class=\"elementor-element elementor-element-9ec12cc elementor-widget elementor-widget-heading\" data-id=\"9ec12cc\" data-element_type=\"widget\" data-e-type=\"widget\" data-widget_type=\"heading.default\">\n\t\t\t\t<div class=\"elementor-widget-container\">\n\t\t\t\t\t<h2 class=\"elementor-heading-title elementor-size-default\">Wir stellen uns vor:<\/h2>\t\t\t\t<\/div>\n\t\t\t\t<\/div>\n\t\t\t\t<div class=\"elementor-element elementor-element-1f51740 elementor-widget-divider--view-line elementor-widget elementor-widget-divider\" data-id=\"1f51740\" data-element_type=\"widget\" data-e-type=\"widget\" data-widget_type=\"divider.default\">\n\t\t\t\t<div class=\"elementor-widget-container\">\n\t\t\t\t\t\t\t<div class=\"elementor-divider\">\n\t\t\t<span class=\"elementor-divider-separator\">\n\t\t\t\t\t\t<\/span>\n\t\t<\/div>\n\t\t\t\t\t\t<\/div>\n\t\t\t\t<\/div>\n\t\t\t\t\t<\/div>\n\t\t<\/div>\n\t\t\t\t\t<\/div>\n\t\t<\/section>\n\t\t\t\t<section class=\"elementor-section elementor-top-section elementor-element elementor-element-4e72c06 elementor-section-boxed elementor-section-height-default elementor-section-height-default\" data-id=\"4e72c06\" data-element_type=\"section\" data-e-type=\"section\">\n\t\t\t\t\t\t<div class=\"elementor-container elementor-column-gap-default\">\n\t\t\t\t\t<div class=\"elementor-column elementor-col-100 elementor-top-column elementor-element elementor-element-9c1e8a9\" data-id=\"9c1e8a9\" data-element_type=\"column\" data-e-type=\"column\">\n\t\t\t<div class=\"elementor-widget-wrap elementor-element-populated\">\n\t\t\t\t\t\t<div class=\"elementor-element elementor-element-a8a7d1d elementor-widget elementor-widget-heading\" data-id=\"a8a7d1d\" data-element_type=\"widget\" data-e-type=\"widget\" data-widget_type=\"heading.default\">\n\t\t\t\t<div class=\"elementor-widget-container\">\n\t\t\t\t\t<h4 class=\"elementor-heading-title elementor-size-default\">Der Stiftungszweck<\/h4>\t\t\t\t<\/div>\n\t\t\t\t<\/div>\n\t\t\t\t<div class=\"elementor-element elementor-element-9f6dc12 elementor-widget elementor-widget-text-editor\" data-id=\"9f6dc12\" data-element_type=\"widget\" data-e-type=\"widget\" data-widget_type=\"text-editor.default\">\n\t\t\t\t<div class=\"elementor-widget-container\">\n\t\t\t\t\t\t\t\t\t<p>Die Faure-Stiftung hat sich zur Aufgabe gemacht, Kinder individuell in Voerde zu f\u00f6rdern.<\/p>\t\t\t\t\t\t\t\t<\/div>\n\t\t\t\t<\/div>\n\t\t\t\t<div class=\"elementor-element elementor-element-f701ccf elementor-widget-divider--view-line elementor-widget elementor-widget-divider\" data-id=\"f701ccf\" data-element_type=\"widget\" data-e-type=\"widget\" data-widget_type=\"divider.default\">\n\t\t\t\t<div class=\"elementor-widget-container\">\n\t\t\t\t\t\t\t<div class=\"elementor-divider\">\n\t\t\t<span class=\"elementor-divider-separator\">\n\t\t\t\t\t\t<\/span>\n\t\t<\/div>\n\t\t\t\t\t\t<\/div>\n\t\t\t\t<\/div>\n\t\t\t\t<div class=\"elementor-element elementor-element-07365da elementor-widget elementor-widget-heading\" data-id=\"07365da\" data-element_type=\"widget\" data-e-type=\"widget\" data-widget_type=\"heading.default\">\n\t\t\t\t<div class=\"elementor-widget-container\">\n\t\t\t\t\t<h4 class=\"elementor-heading-title elementor-size-default\">Die Stiftungssatzung<\/h4>\t\t\t\t<\/div>\n\t\t\t\t<\/div>\n\t\t\t\t<div class=\"elementor-element elementor-element-19e6276 elementor-widget elementor-widget-text-editor\" data-id=\"19e6276\" data-element_type=\"widget\" data-e-type=\"widget\" data-widget_type=\"text-editor.default\">\n\t\t\t\t<div class=\"elementor-widget-container\">\n\t\t\t\t\t\t\t\t\t<table border=\"0\" width=\"100%\"><tbody><tr><td><p align=\"left\">f\u00fcr die treuh\u00e4nderische &#8220;Faure Stiftung \u201eKinder f\u00f6rdern in Voerde\u201c in der Verwaltung der<\/p><p align=\"left\">DS Deutsche Stiftungsagentur GmbH, Neuss<br \/>Satzung in der Fassung vom 14.11.2006<\/p><p align=\"left\"><a href=\"https:\/\/www.faure-stiftung.de\/wp_mig\/satzung\/#pr\u00e4ambel\">Pr\u00e4ambel<\/a><br \/><a href=\"https:\/\/www.faure-stiftung.de\/wp_mig\/satzung\/#2\">\u00a7 2 \u2013 Stiftungszweck<\/a><br \/><a href=\"https:\/\/www.faure-stiftung.de\/wp_mig\/satzung\/#3\">\u00a7 3 \u2013 Stiftungsverm\u00f6gen<\/a><br \/><a href=\"https:\/\/www.faure-stiftung.de\/wp_mig\/satzung\/#4\">\u00a7 4 \u2013 Verwendung der Verm\u00f6gensertr\u00e4ge und Zuwendungen<\/a><br \/><a href=\"https:\/\/www.faure-stiftung.de\/wp_mig\/satzung\/#5\">\u00a7 5 \u2013 Rechtsstellung der Beg\u00fcnstigten<\/a><br \/><a href=\"https:\/\/www.faure-stiftung.de\/wp_mig\/satzung\/#6\">\u00a7 6 \u2013 Vorstand<\/a><br \/><a href=\"https:\/\/www.faure-stiftung.de\/wp_mig\/satzung\/#7\">\u00a7 7 \u2013 Aufgaben, Beschlussfassung des Vorstandes<\/a><br \/><a href=\"https:\/\/www.faure-stiftung.de\/wp_mig\/satzung\/#8\">\u00a7 8 \u2013 Kontrollorgan<\/a><br \/><a href=\"https:\/\/www.faure-stiftung.de\/wp_mig\/satzung\/#9\">\u00a7 9 \u2013 Treuhandverwaltung<\/a><br \/><a href=\"https:\/\/www.faure-stiftung.de\/wp_mig\/satzung\/#10\">\u00a7 10 \u2013 Anpassung der Stiftung an ver\u00e4nderte Verh\u00e4ltnisse<\/a><br \/><a href=\"https:\/\/www.faure-stiftung.de\/wp_mig\/satzung\/#11\">\u00a7 11 \u2013 Verm\u00f6gens\u00fcbertragung, Aufl\u00f6sung der Stiftung<\/a><br \/><a href=\"https:\/\/www.faure-stiftung.de\/wp_mig\/satzung\/#12\">\u00a7 12 \u2013 Verm\u00f6gensanfall<\/a><br \/><a href=\"https:\/\/www.faure-stiftung.de\/wp_mig\/satzung\/#13\">\u00a7 13 \u2013 Stellung des Finanzamtes<\/a><br \/><a href=\"https:\/\/www.faure-stiftung.de\/wp_mig\/satzung\/#anlagerichtlinien\">Anlagerichtlinien<\/a><\/p><\/td><\/tr><tr><td><strong>Pr\u00e4ambel<\/strong>Die Stiftung will die Situation von Kindern und Jugendlichen verbessern die in einem Elternhaus mit begrenzten M\u00f6glichkeiten aufwachsen und in ihrer durchschnittlichen Entwicklung begrenzt sind. Die F\u00f6rderung soll sich nicht auf finanzielle Hilfe alleine beschr\u00e4nken, sondern M\u00f6glichkeiten suchen die dem Wohl des Kindes\/Jugendlichen zu Gute kommen.<br \/>Wesentliches Anliegen der Stiftung ist es ausschlie\u00dflich Einzelf\u00e4lle zu unterst\u00fctzen. Damit kann und soll die Stiftung keine Zuwendungen an Sozialverb\u00e4nde oder kirchliche und karitative Einrichtungen geben, es sei denn, diese Hilfe steht im direkten Zusammenhang mit einem sp\u00e4ter zu f\u00f6rdernden Einzelfall.<br \/>Name, RechtsformDie von den Eheleuten Heinz und Magdalene Faure im Jahr 2008 gegr\u00fcndete Stiftung f\u00fchrt den Namen<br \/>faure \u2013 S t i f t u n g<br \/>\u201eKinder f\u00f6rdern in Voerde\u201cSie ist eine nichtrechtsf\u00e4hige Stiftung in der treuh\u00e4nderischen Verwaltung der DS Deutsche Stiftungsagentur GmbH in Neuss und wird folglich von dieser im Rechts- und Gesch\u00e4ftsverkehr vertreten.<p>\u00a0<\/p><p align=\"right\">\u00a0<\/p><\/td><\/tr><tr><td>\u00a0<p>\u00a0<\/p><p><strong>\u00a7 2 \u2013 Stiftungszweck<\/strong><\/p><p>Die Stiftung verfolgt ausschlie\u00dflich und unmittelbar gemeinn\u00fctzige und mildt\u00e4tige Zwecke im Sinne des Abschnitts \u201eSteuerbeg\u00fcnstigte Zwecke\u201d der Abgabenordnung (AO).<br \/>Der Zweck der Stiftung ist die Beschaffung von Mitteln zur F\u00f6rderung<br \/>\u2013 mildt\u00e4tiger Zwecke,<br \/>\u2013 der Bildung und Erziehung,<br \/>durch eine andere steuerbeg\u00fcnstigte K\u00f6rperschaft oder durch eine K\u00f6rperschaft des \u00f6ffentlichen Rechts.<br \/>Der Zweck der Stiftung wird insbesondere dadurch verwirklicht, dass bed\u00fcrftigen Kindern und Jugendlichen im Raum Dinslaken, V\u00f6rde, H\u00fcnxe Einzelfallhilfe \u2013 z.B. in Form von Sachzuwendungen \u2013 gew\u00e4hrt und ihre schulische und berufliche Ausbildung unterst\u00fctzt wird.<br \/>Die Stiftung kann sich zur Erf\u00fcllung ihrer Aufgaben einer Hilfsperson i.S. des \u00a7 57 Abs. 1 Satz 2 der Abgabenordnung bedienen, soweit sie die Aufgaben nicht selbst wahrnimmt.<br \/>Die Stiftung verwirklicht ihre in \u00a7 2 Abs. 2 genannten Zwecke dadurch, dass sie ihre Mittel teilweise einer anderen, ebenfalls steuerbeg\u00fcnstigten K\u00f6rperschaft oder einer K\u00f6rperschaft des \u00f6ffentlichen Rechts zur Verwendung zu steuerbeg\u00fcnstigten Zwecken zuwendet oder Mittel f\u00fcr die Verwirklichung der steuerbeg\u00fcnstigten Zwecke einer anderen steuerbeg\u00fcnstigten K\u00f6rperschaft oder f\u00fcr die Verwirklichung steuerbeg\u00fcnstigter Zwecke durch eine K\u00f6rperschaft des \u00f6ffentlichen Rechts beschafft.<br \/>Die Stiftung ist selbstlos t\u00e4tig und verfolgt nicht in erster Linie eigenwirtschaftliche Zwecke.<\/p><p><strong>\u00a7 3 \u2013 Stiftungsverm\u00f6gen<\/strong><\/p><p>Das Stiftungsverm\u00f6gen ergibt sich aus dem Stiftungsvertrag.<br \/>Das Stiftungsverm\u00f6gen ist nach Abzug von Verm\u00e4chtnissen und Erf\u00fcllung von Auflagen in seinem Werte ungeschm\u00e4lert zu erhalten. Zu diesem Zweck k\u00f6nnen im Rahmen des steuerrechtlich Zul\u00e4ssigen Teile der j\u00e4hrlichen Ertr\u00e4ge einer freien R\u00fccklage oder dem Stiftungsverm\u00f6gen zugef\u00fchrt werden. Umschichtungsgewinne d\u00fcrfen ganz oder teilweise zur Erf\u00fcllung des Stiftungszweckes verwendet werden.<br \/>Ausgabenzahlungen<br \/>3.Zur Geldanlage und Verm\u00f6gensverwaltung bedient sich der Treuh\u00e4nder zeitlich unbefristet der Sparkasse Dinslaken-Voerde-H\u00fcnxe, Friedrich-Ebert-Stra\u00dfe 31-37, 46535 Dinslaken, bzw. ihres Rechtsnachfolgers. Kontoinhaber f\u00fcr die erforderlichen Konten ist die Stiftung, vertreten durch den Treuh\u00e4nder. In der Kontenbezeichnung wird der Name der Stiftung vermerkt: \u201e faure-Stiftung\u201c. Die Konten werden mit einer Sperre versehen, die die Stifter l\u00f6sen k\u00f6nnen. Verf\u00fcgungen, die der geltenden Stiftungssatzung und dem Treuhandvertrag widersprechen, sind damit ausgeschlossen. Davon ausgenommen sind die Ertragskonten, \u00fcber die der Treuh\u00e4nder uneingeschr\u00e4nkt verf\u00fcgt, um seine Aufgaben im Zusammenhang mit der Vergabe der Mittel gem\u00e4\u00df Stiftungssatzung wahrzunehmen.<br \/>Das Stiftungsverm\u00f6gen ist sicher und Ertrag bringend anzulegen. Die Richtlinien f\u00fcr die Anlage des Treuhandverm\u00f6gens legen die Stifter und die Sparkasse Dinslaken-Voerde-H\u00fcnxe fest. Diese Vereinbarung bildet die Grundlage f\u00fcr alle weiteren Anlageentscheidungen und Dispositionen des Vorstandes bzw. Treuh\u00e4nders, falls der Vorstand nicht besetzt ist. Sie ist Anlage zur Stiftungssatzung.<br \/>Auf die Stiftung \u00fcbertragene Immobilien d\u00fcrfen ver\u00e4u\u00dfert werden.<br \/>Dem Stiftungsverm\u00f6gen wachsen alle Zuwendungen zu, die dazu bestimmt sind (Zustiftungen). F\u00fcr Erbschaften und Verm\u00e4chtnisse sowie f\u00fcr Zuwendungen von Grundverm\u00f6gen gilt dies in der Regel, wenn keine abweichende Bestimmung getroffen wurde.<br \/>Die Stiftung ist berechtigt, aber nicht verpflichtet, Spenden und andere Zuwendungen entgegenzunehmen. Sie darf um Zustiftungen, Spenden und andere Zuwendungen werben.<\/p><p align=\"right\">\u00a0<\/p><\/td><\/tr><tr><td><strong>\u00a7 4 \u2013 Verwendung der Verm\u00f6gensertr\u00e4ge und Zuwendungen <\/strong><p>\u00a0<\/p><p>Die Ertr\u00e4ge des Stiftungsverm\u00f6gens und die ihm nicht zuwachsenden Zuwendungen sind zur Erf\u00fcllung des Stiftungszweckes zu verwenden.<br \/>Die Stiftung kann ihre Mittel ganz oder teilweise einer R\u00fccklage zuf\u00fchren, soweit dies erforderlich ist, um ihre steuerbeg\u00fcnstigten satzungsm\u00e4\u00dfigen Zwecke nachhaltig erf\u00fcllen zu k\u00f6nnen, und soweit f\u00fcr die Verwendung der R\u00fccklage konkrete Ziel- und Zeitvorstellungen bestehen. Freie R\u00fccklagen d\u00fcrfen gebildet werden, soweit die Vorschriften des steuerlichen Gemeinn\u00fctzigkeitsrechts dies zulassen.<br \/>Es darf keine Person durch Ausgaben, die dem Zweck der Stiftung fremd sind, oder durch unverh\u00e4ltnism\u00e4\u00dfig hohe Verg\u00fctungen beg\u00fcnstigt werden.<\/p><p align=\"right\">\u00a0<\/p><p><strong>\u00a7 5 \u2013 Rechtsstellung der Beg\u00fcnstigten<\/strong><\/p><p>Den durch die Stiftung Beg\u00fcnstigten steht aufgrund dieser Satzung ein Rechtsanspruch auf Leistungen der Stiftung nicht zu.<\/p><p><strong>\u00a7 6 \u2013 Vorstand<\/strong><\/p><p>Der Vorstand besteht aus maximal f\u00fcnf Mitgliedern. Geborene Mitglieder sind<br \/>\u2013 Heinz Faure \u2013 Magdalene Faure \u2013 Andrea Faure -Marcus Faure<\/p><p>Bei Ausscheiden von Vorstandsmitgliedern bestellen die Stifter \u2013 auch einzeln \u2013 die Nachfolger. Sind die Stifter nicht mehr Mitglied des Vorstands, erg\u00e4nzt sich der Vorstand im Wege der Kooptation selbst. Wiederwahl ist zul\u00e4ssig. Auf Ersuchen der\/des Vorsitzenden kann das ausscheidende Mitglied bis zur Wahl seines Nachfolgers im Amt bleiben.<br \/>Der Stifter Heinz Faure ist auf Lebenszeit Vorsitzender des Vorstands, die Stifterin Magdalene Faure ist stellvertretende Vorsitzende des Vorstands. Sofern Heinz Faure vor Magdalene Faure aus dem Vorstand ausscheidet, ist Magdalene Faure auf Lebenszeit Vorsitzende des Vorstands. Sie bestimmt dann ihre\/n Stellvertreter\/in jeweils f\u00fcr die Dauer von vier Jahren. Scheidet Marlene Faure zuerst aus dem Vorstand aus, bestimmt Heinz Faure seine\/n Stellvertreter\/in jeweils f\u00fcr die Dauer von vier Jahren. Nach dem Ausscheiden der Stifter aus dem Vorstand bestimmt der Vorstand aus seiner Mitte die Vorsitzende\/den Vorsitzenden und, nach dem Ablauf der Amtszeit des\/der von dem Stifter bzw. der Stifterin zuletzt benannten Stellvertreters\/in, eine\/einen stellvertretende\/n Vorsitzende\/n.<br \/>Mitglieder des Vorstands k\u00f6nnen bei Vorliegen eines wichtigen Grundes vom Vorstand abberufen werden. Die Abberufung bedarf einer Mehrheit von 2\/3 der Mitglieder des Vorstands. Das betroffene Mitglied hat Anspruch auf Geh\u00f6r. Solange die Stifter dem Vorstand angeh\u00f6ren, k\u00f6nnen sie ohne Angabe von Gr\u00fcnden Vorstandsmitglieder abberufen.<br \/>Die T\u00e4tigkeit der Vorstandsmitglieder ist ehrenamtlich. Ihnen d\u00fcrfen keine Verm\u00f6gensvorteile zugewendet werden. Die Mitglieder des Vorstands haben Anspruch auf Aufwendungsersatz.<\/p><p align=\"right\">\u00a0<\/p><p><strong>\u00a7 7 \u2013 Aufgaben, Beschlussfassung des Vorstandes<\/strong><\/p><p>Der Vorstand beschlie\u00dft \u00fcber die Geldanlage im Rahmen der Anlagerichtlinien, \u00fcber die Verwendung der Stiftungsmittel und ggfs. \u00fcber die R\u00fccklagenbildung sowie die Verwendung der Umschichtungsr\u00fccklage. Gegen Beschl\u00fcsse des Vorstandes steht dem Treuh\u00e4nder ein Vetorecht zu, wenn gegen die Satzung, rechtliche oder steuerliche Bestimmungen versto\u00dfen wird.<br \/>Dem Vorstand obliegt es, ben\u00f6tigte Einzelfallhilfen im Rahmen des \u00a7 2 Abs. 2 zu recherchieren und ggfs. entsprechende Projektpartner zu benennen.<br \/>Der Vorstand soll mindestens einmal pro Jahr zusammentreten. Die\/Der Vorstandsvorsitzende beruft mindestens vier Wochen vor dem angek\u00fcndigten Termin die Vorstandsversammlung ein.<br \/>Der Vorstand ist beschlussf\u00e4hig, wenn mindestens ein Vorstandsmitglied anwesend ist. Der Vorstand beschlie\u00dft, wenn nicht anders in der Satzung bestimmt, mit einfacher Mehrheit der abgegebenen Stimmen. Bei Stimmengleichheit gibt die Stimme der\/des Vorsitzenden den Ausschlag.<br \/>Solange die Stifter dem Vorstand angeh\u00f6ren, kommen Beschl\u00fcsse nicht gegen ihre Stimme zustande.<br \/>Ein Mitglied des Vorstands ist nicht stimmberechtigt, wenn \u00fcber Zuwendungen aus Mitteln der Stiftung an eine K\u00f6rperschaft entschieden wird, zu der das Vorstandsmitglied eine enge Beziehung unterh\u00e4lt.<br \/>Beschl\u00fcsse, die eine \u00c4nderung der Satzung oder die Aufl\u00f6sung der Stiftung betreffen, k\u00f6nnen nur unter Einbeziehung des Treuh\u00e4nders und des Kontrollorgans gefasst werden. Die Abstimmungsmodalit\u00e4ten regeln<br \/>\u00a7 10 und \u00a7 11.<\/p><p align=\"right\">\u00a0<\/p><\/td><\/tr><tr><td><strong>\u00a7 8 \u2013 Kontrollorgan<\/strong><br \/>1. Als Kontrollorgan werden maximal zwei Mitarbeiter der Sparkasse Dinslaken-Voerde-H\u00fcnxe, bzw. ihres Rechtsnachfolgers, die vom Vorstand der Sparkasse Dinslaken-Voerde-H\u00fcnxe benannt werden, eingesetzt.<br \/>2. Das Kontrollorgan dient ausschlie\u00dflich der Kontrolle des Treuh\u00e4nders. Zu diesem Zweck legt der Treuh\u00e4nder dem Kontrollorgan einmal im Jahr den Jahresabschluss vor, damit es die satzungsgem\u00e4\u00dfe Verwendung der Stiftungsmittel \u00fcberpr\u00fcfen kann.<br \/>3. Das Kontrollorgan kann in \u00dcbereinstimmung mit dem Vorstand, sofern besetzt, und dem Treuh\u00e4nder Satzungs\u00e4nderungen beschlie\u00dfen, wenn der Satzungszweck nicht mehr erf\u00fcllt werden kann. Die Abstimmungsmodalit\u00e4ten regelt \u00a7 10.<br \/>4. Das Kontrollorgan kann in \u00dcbereinstimmung mit dem Vorstand, sofern besetzt, und dem Treuh\u00e4nder die Aufl\u00f6sung der Stiftung beschlie\u00dfen, wenn die Umst\u00e4nde es nicht mehr zulassen, den Stiftungszweck dauernd und nachhaltig zu erf\u00fcllen. Die Abstimmungsmodalit\u00e4ten regelt \u00a7 11.<br \/>5. Das Kontrollorgan ist ehrenamtlich t\u00e4tig.<p>\u00a0<\/p><p align=\"right\">\u00a0<\/p><p><strong>\u00a7 9 \u2013 Treuhandverwaltung<\/strong><br \/>Als Treuh\u00e4nder fungiert die DS Deutsche Stiftungsagentur GmbH. Die Stifter k\u00f6nnen zu jeder Zeit, auch ohne Angabe von Gr\u00fcnden, einen neuen Treuh\u00e4nder einsetzen. Scheidet die Treuhand auf eigenen Wunsch aus, obliegt es dem Vorstand und dem Kontrollorgan, gemeinsam einen neuen Treuh\u00e4nder zu benennen.<br \/>Der Treuh\u00e4nder verwaltet das Stiftungsverm\u00f6gen getrennt von seinem Verm\u00f6gen gem\u00e4\u00df den Vorgaben des Vorstandes bzw. den Anlagerichtlinien, falls der Vorstand nicht besetzt ist. Er vergibt die Stiftungsmittel den Vorgaben des Vorstandes bzw. der Satzung entsprechend, falls der Vorstand nicht besetzt ist; er wickelt die F\u00f6rderma\u00dfnahmen ab.<br \/>Der Treuh\u00e4nder ist in allen Entscheidungen an die Vorgaben des Vorstandes, der Satzung und der Anlagerichtlinien gebunden. Gegen die Vorgaben des Vorstandes steht dem Treuh\u00e4nder ein Vetorecht zu, wenn gegen die Satzung, rechtliche oder steuerliche Bestimmungen versto\u00dfen wird.<br \/>Der Treuh\u00e4nder belastet die Stiftung f\u00fcr die Grundleistungen mit pauschalierten Kosten, die 0,5 % des Stiftungsverm\u00f6gens zzgl. ges. MwSt. p.a., mindestens jedoch 500,00 \u20ac zzgl. ges. MwSt. p.a. betragen; au\u00dferordentliche Zusatzleistungen und Reiseaufwendungen werden gesondert abgerechnet.<br \/>Der Treuh\u00e4nder legt dem Vorstand, sofern besetzt, und dem Kontrollorgan auf den 31.12. eines jeden Jahres den Jahresbericht vor.<br \/>Der Treuh\u00e4nder hat seine Pflichten mit der Sorgfalt eines ordentlichen Kaufmanns zu erf\u00fcllen. Die Haftung des Treuh\u00e4nders ist auf Vorsatz und grobe Fahrl\u00e4ssigkeit beschr\u00e4nkt.<br \/>Im Rahmen seiner \u00f6ffentlichen Berichterstattung sorgt er f\u00fcr eine angemessene Publizit\u00e4t der Stiftungsaktivit\u00e4ten.<br \/>Der Treuh\u00e4nder kann in \u00dcbereinstimmung mit den Stiftern, dem Vorstand, sofern besetzt, oder dem Kontrollorgan Satzungs\u00e4nderungen beschlie\u00dfen, wenn der Satzungszweck nicht mehr erf\u00fcllt werden kann. Die Abstimmungsmodalit\u00e4ten regelt \u00a7 10.<br \/>Der Treuh\u00e4nder kann in \u00dcbereinstimmung mit den Stiftern, dem Vorstand oder dem Kontrollorgan die Aufl\u00f6sung der Stiftung beschlie\u00dfen, wenn die Umst\u00e4nde es nicht mehr zulassen, den Stiftungszweck dauernd und nachhaltig zu erf\u00fcllen. Die Abstimmungsmodalit\u00e4ten regelt \u00a7 11.<\/p><p align=\"right\">\u00a0<\/p><p><strong>\u00a7 10 \u2013 Anpassung der Stiftung an ver\u00e4nderte Verh\u00e4ltnisse<br \/><\/strong><\/p><p>1. \u00c4ndern sich die Verh\u00e4ltnisse derart, dass die Erf\u00fcllung des Stiftungszwecks vom Vorstand, sofern besetzt, dem Treuh\u00e4nder und dem Kontrollorgan nicht mehr f\u00fcr sinnvoll gehalten wird, so k\u00f6nnen sie gemeinsam (einstimmig) einen neuen Stiftungszweck beschlie\u00dfen. Der neue Stiftungszweck hat gemeinn\u00fctzig und dem vorangegangenen \u00e4hnlich zu sein. Es besteht Zustimmungspflicht der Stifterin zu Lebzeiten.<br \/>2. Die Stifter haben das Recht, die Satzung jederzeit zu \u00e4ndern. Gegen Satzungs\u00e4nderungen durch die Stifter steht dem Treuh\u00e4nder ein Vetorecht zu, wenn gegen rechtliche oder steuerliche Bestimmungen versto\u00dfen wird. Die Gemeinn\u00fctzigkeit der Stiftung darf von diesen \u00c4nderungen nicht ber\u00fchrt werden. In Zweifelsf\u00e4llen ist im Vorfeld die Unbedenklichkeitserkl\u00e4rung des Finanzamtes einzuholen.<\/p><p><strong>\u00a7 11 \u2013 Verm\u00f6gens\u00fcbertragung, Aufl\u00f6sung der Stiftung<\/strong><\/p><p align=\"left\">1. Die Stifter k\u00f6nnen jederzeit, auch ohne Angabe von Gr\u00fcnden, die \u00dcbertragung des Stiftungsverm\u00f6gens auf einen anderen Treuh\u00e4nder beschlie\u00dfen. In diesem Fall wird die Stiftung nicht aufgel\u00f6st. Der Treuh\u00e4nder hat unverz\u00fcglich nach dem Beschluss der Stifterin eine Abschlussbilanz zu erstellen und das Verm\u00f6gen auf den in dem Beschluss benannten neuen Treuh\u00e4nder zu \u00fcbertragen. Der Beschluss der Stifter bedarf der Schriftform.<br \/>2. Der Vorstand, sofern besetzt, der Treuh\u00e4nder und das Kontrollorgan k\u00f6nnen gemeinsam (einstimmig) die Aufl\u00f6sung der Stiftung beschlie\u00dfen, wenn die Umst\u00e4nde es nicht mehr zulassen, den Stiftungszweck dauernd und nachhaltig zu erf\u00fcllen. Es besteht Zustimmungspflicht der Stifterin zu Lebzeiten.<br \/>3. Die treuh\u00e4nderische \u201e[\u2026]-Stiftung\u201c kann auf schriftlichen Beschluss der Stifter in eine rechtsf\u00e4hige Stiftung umgewandelt werden. Bei Aufl\u00f6sung der treuh\u00e4nderischen \u201e[\u2026]-Stiftung -Stiftung\u201c f\u00e4llt das Verm\u00f6gen an die rechtsf\u00e4hige \u201e[\u2026]-Stiftung -Stiftung\u201c, die es unmittelbar und ausschlie\u00dflich f\u00fcr die in \u00a7 2 Abs. 2 genannten gemeinn\u00fctzigen Zwecke zu verwenden hat<\/p><p align=\"right\">.\u00a0<\/p><p><strong>\u00a7 12 \u2013 Verm\u00f6gensanfall<br \/><\/strong>n.n.<\/p><p>\u00a0<\/p><\/td><\/tr><tr><td><strong>\u00a7 13 \u2013 Stellung des Finanzamtes <\/strong>Beschl\u00fcsse \u00fcber Satzungs\u00e4nderungen und der Beschluss \u00fcber die Aufl\u00f6sung der Stiftung sind dem zust\u00e4ndigen Finanzamt anzuzeigen. F\u00fcr Satzungs\u00e4nderungen, die den Zweck der Stiftung betreffen, ist die Unbedenklichkeitserkl\u00e4rung des Finanzamtes einzuholen.<br \/>Voerde, den 07.02. 2008Der Stifter Der Treuh\u00e4nder<br \/>Heinz Faure DS Deutsche Stiftungsagentur GmbH<br \/>Am Denkmal 4 Gut Gnadental<br \/>46562 Voerde Nixh\u00fctter Weg 85<br \/>41468 NeussDie Stifterin<br \/>Magdalene Faure<br \/>Am Denkmal 4<br \/>46562 Voerde<p>\u00a0<\/p><p align=\"right\">\u00a0<\/p><p>\u00a0<\/p><p>\u00a0<\/p><p><strong>Anlagerichtlinien<\/strong><\/p><p>Das Stiftungsverm\u00f6gen kann nach Ermessen des Vorstandes bzw. des Treuh\u00e4nders, sofern der Vorstand nicht besetzt ist, in Aktien, aktien\u00e4hnlichen Wertpapieren, Derivaten, Investmentsfonds, Zertifikaten sowie in festverzinslichen Wertpapieren und Beteiligungen angelegt werden. Dabei ist zu beachten, dass h\u00f6chstens 30 % des Stiftungsverm\u00f6gens in Aktien, aktien\u00e4hnlichen bzw. aktienabh\u00e4ngigen Produkten angelegt werden darf. Die Anlage in festverzinslichen Werten kann bis zu 100 % betragen. Alternative Anlagen sollten nicht mehr als 40 % des Stiftungsverm\u00f6gens ausmachen. Als Ausnahme von diesen Richtlinien d\u00fcrfen lediglich \u00dcbertragungen von Zustiftern angesehen werden.<br \/>Umschichtungen des Stiftungsverm\u00f6gens im Rahmen der Verm\u00f6gensverwaltung sind gestattet. F\u00fcr die Stiftung ist eine Umschichtungsr\u00fccklage zu bilden. Die Umschichtungsr\u00fccklage kann dem Grundstockverm\u00f6gen zugef\u00fchrt werden oder zur Erf\u00fcllung des Stiftungszweckes benutzt werden. Wird die Umschichtungsr\u00fccklage nicht mehr ben\u00f6tigt, ist sie zeitnah f\u00fcr den Stiftungszweck zu verwenden.<\/p><\/td><\/tr><\/tbody><\/table>\t\t\t\t\t\t\t\t<\/div>\n\t\t\t\t<\/div>\n\t\t\t\t<div class=\"elementor-element elementor-element-7273742 elementor-widget-divider--view-line elementor-widget elementor-widget-divider\" data-id=\"7273742\" data-element_type=\"widget\" data-e-type=\"widget\" data-widget_type=\"divider.default\">\n\t\t\t\t<div class=\"elementor-widget-container\">\n\t\t\t\t\t\t\t<div class=\"elementor-divider\">\n\t\t\t<span class=\"elementor-divider-separator\">\n\t\t\t\t\t\t<\/span>\n\t\t<\/div>\n\t\t\t\t\t\t<\/div>\n\t\t\t\t<\/div>\n\t\t\t\t\t<\/div>\n\t\t<\/div>\n\t\t\t\t\t<\/div>\n\t\t<\/section>\n\t\t\t\t<\/div>\n\t\t","protected":false},"excerpt":{"rendered":"<p>Wir stellen uns vor: Der Stiftungszweck Die Faure-Stiftung hat sich zur Aufgabe gemacht, Kinder individuell in Voerde zu f\u00f6rdern. Die Stiftungssatzung f\u00fcr die treuh\u00e4nderische &#8220;Faure Stiftung \u201eKinder f\u00f6rdern in Voerde\u201c in der Verwaltung der DS Deutsche Stiftungsagentur GmbH, Neuss Satzung in der Fassung vom 14.11.2006 Pr\u00e4ambel \u00a7 2 \u2013 Stiftungszweck \u00a7 3 \u2013 Stiftungsverm\u00f6gen \u00a7 [&hellip;]<\/p>\n","protected":false},"author":1,"featured_media":0,"parent":0,"menu_order":0,"comment_status":"closed","ping_status":"closed","template":"elementor_header_footer","meta":{"give_campaign_id":0,"footnotes":""},"class_list":["post-1085","page","type-page","status-publish","hentry"],"campaignId":"","_links":{"self":[{"href":"https:\/\/www.faure-stiftung.de\/wp_mig\/wp-json\/wp\/v2\/pages\/1085","targetHints":{"allow":["GET"]}}],"collection":[{"href":"https:\/\/www.faure-stiftung.de\/wp_mig\/wp-json\/wp\/v2\/pages"}],"about":[{"href":"https:\/\/www.faure-stiftung.de\/wp_mig\/wp-json\/wp\/v2\/types\/page"}],"author":[{"embeddable":true,"href":"https:\/\/www.faure-stiftung.de\/wp_mig\/wp-json\/wp\/v2\/users\/1"}],"replies":[{"embeddable":true,"href":"https:\/\/www.faure-stiftung.de\/wp_mig\/wp-json\/wp\/v2\/comments?post=1085"}],"version-history":[{"count":5,"href":"https:\/\/www.faure-stiftung.de\/wp_mig\/wp-json\/wp\/v2\/pages\/1085\/revisions"}],"predecessor-version":[{"id":1091,"href":"https:\/\/www.faure-stiftung.de\/wp_mig\/wp-json\/wp\/v2\/pages\/1085\/revisions\/1091"}],"wp:attachment":[{"href":"https:\/\/www.faure-stiftung.de\/wp_mig\/wp-json\/wp\/v2\/media?parent=1085"}],"curies":[{"name":"wp","href":"https:\/\/api.w.org\/{rel}","templated":true}]}}