{"id":1025,"date":"2022-03-17T10:57:15","date_gmt":"2022-03-17T10:57:15","guid":{"rendered":"https:\/\/www.faure-stiftung.de\/wp_mig\/?page_id=1025"},"modified":"2026-03-23T12:37:34","modified_gmt":"2026-03-23T12:37:34","slug":"faure-stiftung","status":"publish","type":"page","link":"https:\/\/www.faure-stiftung.de\/wp_mig\/","title":{"rendered":"Faure-Stiftung"},"content":{"rendered":"\t\t<div data-elementor-type=\"wp-page\" data-elementor-id=\"1025\" class=\"elementor elementor-1025\">\n\t\t\t\t\t\t<section class=\"elementor-section elementor-top-section elementor-element elementor-element-131f6e2 elementor-section-boxed elementor-section-height-default elementor-section-height-default\" data-id=\"131f6e2\" data-element_type=\"section\" data-e-type=\"section\">\n\t\t\t\t\t\t<div class=\"elementor-container elementor-column-gap-default\">\n\t\t\t\t\t<div class=\"elementor-column elementor-col-66 elementor-top-column elementor-element elementor-element-7e05e9d\" data-id=\"7e05e9d\" data-element_type=\"column\" data-e-type=\"column\">\n\t\t\t<div class=\"elementor-widget-wrap elementor-element-populated\">\n\t\t\t\t\t\t<div class=\"elementor-element elementor-element-8bd0ea4 elementor-widget elementor-widget-image\" data-id=\"8bd0ea4\" data-element_type=\"widget\" data-e-type=\"widget\" data-widget_type=\"image.default\">\n\t\t\t\t<div class=\"elementor-widget-container\">\n\t\t\t\t\t\t\t\t\t\t\t\t\t\t\t<img decoding=\"async\" width=\"340\" height=\"134\" src=\"https:\/\/www.faure-stiftung.de\/wp_mig\/wp-content\/uploads\/2022\/02\/faurestiftung_logo_small.png\" class=\"attachment-large size-large wp-image-1050\" alt=\"\" srcset=\"https:\/\/www.faure-stiftung.de\/wp_mig\/wp-content\/uploads\/2022\/02\/faurestiftung_logo_small.png 340w, https:\/\/www.faure-stiftung.de\/wp_mig\/wp-content\/uploads\/2022\/02\/faurestiftung_logo_small-300x118.png 300w\" sizes=\"(max-width: 340px) 100vw, 340px\" \/>\t\t\t\t\t\t\t\t\t\t\t\t\t\t\t<\/div>\n\t\t\t\t<\/div>\n\t\t\t\t\t<\/div>\n\t\t<\/div>\n\t\t\t\t<div class=\"elementor-column elementor-col-33 elementor-top-column elementor-element elementor-element-c4732c1\" data-id=\"c4732c1\" data-element_type=\"column\" data-e-type=\"column\">\n\t\t\t<div class=\"elementor-widget-wrap elementor-element-populated\">\n\t\t\t\t\t\t<div class=\"elementor-element elementor-element-668395e elementor-widget elementor-widget-image\" data-id=\"668395e\" data-element_type=\"widget\" data-e-type=\"widget\" data-widget_type=\"image.default\">\n\t\t\t\t<div class=\"elementor-widget-container\">\n\t\t\t\t\t\t\t\t\t\t\t\t<figure class=\"wp-caption\">\n\t\t\t\t\t\t\t\t\t\t<img fetchpriority=\"high\" decoding=\"async\" width=\"640\" height=\"427\" src=\"https:\/\/www.faure-stiftung.de\/wp_mig\/wp-content\/uploads\/2026\/02\/Faure-Stiftung-Team-768x512.jpg\" class=\"attachment-medium_large size-medium_large wp-image-1185\" alt=\"\" srcset=\"https:\/\/www.faure-stiftung.de\/wp_mig\/wp-content\/uploads\/2026\/02\/Faure-Stiftung-Team-768x512.jpg 768w, https:\/\/www.faure-stiftung.de\/wp_mig\/wp-content\/uploads\/2026\/02\/Faure-Stiftung-Team-300x200.jpg 300w, https:\/\/www.faure-stiftung.de\/wp_mig\/wp-content\/uploads\/2026\/02\/Faure-Stiftung-Team.jpg 1000w\" sizes=\"(max-width: 640px) 100vw, 640px\" \/>\t\t\t\t\t\t\t\t\t\t\t<figcaption class=\"widget-image-caption wp-caption-text\"><\/figcaption>\n\t\t\t\t\t\t\t\t\t\t<\/figure>\n\t\t\t\t\t\t\t\t\t<\/div>\n\t\t\t\t<\/div>\n\t\t\t\t\t<\/div>\n\t\t<\/div>\n\t\t\t\t\t<\/div>\n\t\t<\/section>\n\t\t\t\t<section class=\"elementor-section elementor-top-section elementor-element elementor-element-ec2bcd6 elementor-section-boxed elementor-section-height-default elementor-section-height-default\" data-id=\"ec2bcd6\" data-element_type=\"section\" data-e-type=\"section\">\n\t\t\t\t\t\t<div class=\"elementor-container elementor-column-gap-default\">\n\t\t\t\t\t<div class=\"elementor-column elementor-col-100 elementor-top-column elementor-element elementor-element-5785b24\" data-id=\"5785b24\" data-element_type=\"column\" data-e-type=\"column\">\n\t\t\t<div class=\"elementor-widget-wrap\">\n\t\t\t\t\t\t\t<\/div>\n\t\t<\/div>\n\t\t\t\t\t<\/div>\n\t\t<\/section>\n\t\t\t\t<section class=\"elementor-section elementor-top-section elementor-element elementor-element-3d28de9 elementor-section-full_width elementor-section-height-default elementor-section-height-default\" data-id=\"3d28de9\" data-element_type=\"section\" data-e-type=\"section\">\n\t\t\t\t\t\t<div class=\"elementor-container elementor-column-gap-default\">\n\t\t\t\t\t<div class=\"elementor-column elementor-col-100 elementor-top-column elementor-element elementor-element-19f9309\" data-id=\"19f9309\" data-element_type=\"column\" data-e-type=\"column\">\n\t\t\t<div class=\"elementor-widget-wrap elementor-element-populated\">\n\t\t\t\t\t\t<div class=\"elementor-element elementor-element-a836938 elementor-widget elementor-widget-text-editor\" data-id=\"a836938\" data-element_type=\"widget\" data-e-type=\"widget\" data-widget_type=\"text-editor.default\">\n\t\t\t\t<div class=\"elementor-widget-container\">\n\t\t\t\t\t\t\t\t\t<h1>Die Faure Stiftung \u2013 Engagement mit Herz und Verantwortung.<\/h1>\t\t\t\t\t\t\t\t<\/div>\n\t\t\t\t<\/div>\n\t\t\t\t<div class=\"elementor-element elementor-element-b3dc45e elementor-widget elementor-widget-text-editor\" data-id=\"b3dc45e\" data-element_type=\"widget\" data-e-type=\"widget\" data-widget_type=\"text-editor.default\">\n\t\t\t\t<div class=\"elementor-widget-container\">\n\t\t\t\t\t\t\t\t\t<p>Sch\u00f6n, dass Du Dich f\u00fcr die Faure Stiftung interessierst.<br \/>Die Faure Stiftung steht f\u00fcr gelebte Verantwortung, nachhaltiges Engagement und echte Unterst\u00fctzung dort, wo sie gebraucht wird. In der Welt passiert viel schlimmes, doch wir sind der \u00dcberzeugung, dass man direkt vor der T\u00fcre anfangen muss. Deshalb k\u00fcmmern wir uns um Voerde Kinder. Mit viel Herzblut setzten wir uns f\u00fcr Menschen, Projekte und Initiativen ein, die Perspektiven schaffen und positive Ver\u00e4nderungen erm\u00f6glichen.<br \/>Im Mittelpunkt steht dabei immer der Mensch. Die Stiftung f\u00f6rdert Bildung, soziale Teilhabe und nachhaltige Entwicklungen \u2013 mit dem Ziel, langfristig Wirkung zu erzielen und Chancen zu er\u00f6ffnen. Transparenz, Verl\u00e4sslichkeit und ein respektvolles Miteinander bilden die Grundlage ihres Handelns. Wir sind eine gl\u00fcckliche Familie und wollen andere Familien unterst\u00fctzen. Gemeinsam mit unseren F\u00f6rder*innen haben wir schon viel erreicht. Unz\u00e4hlige Betten aufgebaut, Kinderzimmer renoviert, Kurse bezahlt oder Klassenfahrten, geholfen bei b\u00fcrokratischen G\u00e4ngen.<\/p><p>Wenn Du mehr \u00fcber die Arbeit der Faure Stiftung erfahren bist Du herzlich eingeladen, Dich n\u00e4her zu informieren und einzubringen.<br \/>Gemeinsam l\u00e4sst sich viel bewegen.<\/p>\t\t\t\t\t\t\t\t<\/div>\n\t\t\t\t<\/div>\n\t\t\t\t\t<\/div>\n\t\t<\/div>\n\t\t\t\t\t<\/div>\n\t\t<\/section>\n\t\t\t\t<\/div>\n\t\t","protected":false},"excerpt":{"rendered":"<p>Die Faure Stiftung \u2013 Engagement mit Herz und Verantwortung. Sch\u00f6n, dass Du Dich f\u00fcr die Faure Stiftung interessierst.Die Faure Stiftung steht f\u00fcr gelebte Verantwortung, nachhaltiges Engagement und echte Unterst\u00fctzung dort, wo sie gebraucht wird. In der Welt passiert viel schlimmes, doch wir sind der \u00dcberzeugung, dass man direkt vor der T\u00fcre anfangen muss. Deshalb k\u00fcmmern [&hellip;]<\/p>\n","protected":false},"author":1,"featured_media":0,"parent":0,"menu_order":0,"comment_status":"closed","ping_status":"closed","template":"elementor_header_footer","meta":{"give_campaign_id":0,"footnotes":""},"class_list":["post-1025","page","type-page","status-publish","hentry"],"campaignId":"","_links":{"self":[{"href":"https:\/\/www.faure-stiftung.de\/wp_mig\/wp-json\/wp\/v2\/pages\/1025","targetHints":{"allow":["GET"]}}],"collection":[{"href":"https:\/\/www.faure-stiftung.de\/wp_mig\/wp-json\/wp\/v2\/pages"}],"about":[{"href":"https:\/\/www.faure-stiftung.de\/wp_mig\/wp-json\/wp\/v2\/types\/page"}],"author":[{"embeddable":true,"href":"https:\/\/www.faure-stiftung.de\/wp_mig\/wp-json\/wp\/v2\/users\/1"}],"replies":[{"embeddable":true,"href":"https:\/\/www.faure-stiftung.de\/wp_mig\/wp-json\/wp\/v2\/comments?post=1025"}],"version-history":[{"count":36,"href":"https:\/\/www.faure-stiftung.de\/wp_mig\/wp-json\/wp\/v2\/pages\/1025\/revisions"}],"predecessor-version":[{"id":1210,"href":"https:\/\/www.faure-stiftung.de\/wp_mig\/wp-json\/wp\/v2\/pages\/1025\/revisions\/1210"}],"wp:attachment":[{"href":"https:\/\/www.faure-stiftung.de\/wp_mig\/wp-json\/wp\/v2\/media?parent=1025"}],"curies":[{"name":"wp","href":"https:\/\/api.w.org\/{rel}","templated":true}]}}